{"id":2064,"date":"2023-09-28T15:28:22","date_gmt":"2023-09-28T13:28:22","guid":{"rendered":"https:\/\/xeca.a.vaia.cloud\/?page_id=2064"},"modified":"2024-12-02T15:12:27","modified_gmt":"2024-12-02T14:12:27","slug":"tegsnas-wood","status":"publish","type":"page","link":"https:\/\/xeca.a.vaia.cloud\/en\/tegsnas-wood\/","title":{"rendered":"Tegsn\u00e4s Wood"},"content":{"rendered":"<h2>Wood products for industries<\/h2>\n<p>Tegsn\u00e4s Wood is our business area for wood products for industrial use. We manufacture all types of logs, such as truck logs, binding logs and drying logs (tracked and untracked) for sawmills, planing mills and other industries. Measurements, dimensions and tolerances are developed according to each customer's needs.<\/p>\n<p>We also produce staking sticks. Our staking sticks are used for both private and commercial use. We deliver the staking sticks according to the desired lengths and dimensions, which means that the products are used in everything from road and construction work to the private garden.<\/p>\n<p>But that's not all. We produce cut and planed wood raw material, wedge plates, combinations with wood, well, foam and much more.<\/p>\n<h3>Warehousing for fast service<\/h3>\n<p>All around our spacious factory site are stocks of goods ready to be dispatched to customers who need fast deliveries. As an extra service for those requiring fast delivery, we can provide an 'emergency stock' which can normally be delivered within 24 hours. Standard stick products are normally always in stock.<\/p>","protected":false},"excerpt":{"rendered":"<p>Tr\u00e4produkter f\u00f6r industrier Tegsn\u00e4s Wood \u00e4r v\u00e5rt aff\u00e4rsomr\u00e5de f\u00f6r tr\u00e4produkter f\u00f6r industriellt bruk. Vi tillverkar alla typer av str\u00f6n som truckstr\u00f6n, bindstr\u00f6n och torkstr\u00f6n (sp\u00e5rade och osp\u00e5rade) f\u00f6r s\u00e5gverk, hyvlerier och andra industrier. M\u00e5tt, dimensioner och toleranser tas fram utifr\u00e5n varje kunds behov. Vi tillverkar \u00e4ven stakk\u00e4ppar. V\u00e5ra stakk\u00e4ppar anv\u00e4nds b\u00e5de f\u00f6r privat och kommersiellt [&hellip;]<\/p>","protected":false},"author":3,"featured_media":1129,"parent":0,"menu_order":15,"comment_status":"closed","ping_status":"closed","template":"","meta":{"_acf_changed":false,"footnotes":""},"tagg":[],"class_list":["post-2064","page","type-page","status-publish","has-post-thumbnail","hentry"],"acf":[],"_links":{"self":[{"href":"https:\/\/xeca.a.vaia.cloud\/en\/wp-json\/wp\/v2\/pages\/2064","targetHints":{"allow":["GET"]}}],"collection":[{"href":"https:\/\/xeca.a.vaia.cloud\/en\/wp-json\/wp\/v2\/pages"}],"about":[{"href":"https:\/\/xeca.a.vaia.cloud\/en\/wp-json\/wp\/v2\/types\/page"}],"author":[{"embeddable":true,"href":"https:\/\/xeca.a.vaia.cloud\/en\/wp-json\/wp\/v2\/users\/3"}],"replies":[{"embeddable":true,"href":"https:\/\/xeca.a.vaia.cloud\/en\/wp-json\/wp\/v2\/comments?post=2064"}],"version-history":[{"count":2,"href":"https:\/\/xeca.a.vaia.cloud\/en\/wp-json\/wp\/v2\/pages\/2064\/revisions"}],"predecessor-version":[{"id":4181,"href":"https:\/\/xeca.a.vaia.cloud\/en\/wp-json\/wp\/v2\/pages\/2064\/revisions\/4181"}],"wp:featuredmedia":[{"embeddable":true,"href":"https:\/\/xeca.a.vaia.cloud\/en\/wp-json\/wp\/v2\/media\/1129"}],"wp:attachment":[{"href":"https:\/\/xeca.a.vaia.cloud\/en\/wp-json\/wp\/v2\/media?parent=2064"}],"wp:term":[{"taxonomy":"tagg","embeddable":true,"href":"https:\/\/xeca.a.vaia.cloud\/en\/wp-json\/wp\/v2\/tagg?post=2064"}],"curies":[{"name":"wp","href":"https:\/\/api.w.org\/{rel}","templated":true}]}}