{"id":280,"date":"2023-09-04T12:52:12","date_gmt":"2023-09-04T10:52:12","guid":{"rendered":"https:\/\/xeca.a.vaia.cloud\/?page_id=280"},"modified":"2023-12-07T09:16:54","modified_gmt":"2023-12-07T08:16:54","slug":"certifikat","status":"publish","type":"page","link":"https:\/\/xeca.a.vaia.cloud\/en\/environmental-sustainability\/certificate\/","title":{"rendered":"Certificate"},"content":{"rendered":"<h2>A certified group<\/h2>\n<p>Tegsn\u00e4s Group is together with Tegsn\u00e4s Emballage and Tegsn\u00e4s Logistics certified in quality, environment and work environment. Here you can read about our certificates.<\/p>","protected":false},"excerpt":{"rendered":"<p>A certified group Tegsn\u00e4s Group is together with Tegsn\u00e4s Emballage and Tegsn\u00e4s Logistics certified within quality, environment and work environment. Here you can read about our certificates.<\/p>","protected":false},"author":3,"featured_media":3245,"parent":39,"menu_order":20,"comment_status":"closed","ping_status":"closed","template":"","meta":{"_acf_changed":false,"footnotes":""},"tagg":[],"class_list":["post-280","page","type-page","status-publish","has-post-thumbnail","hentry"],"acf":[],"_links":{"self":[{"href":"https:\/\/xeca.a.vaia.cloud\/en\/wp-json\/wp\/v2\/pages\/280","targetHints":{"allow":["GET"]}}],"collection":[{"href":"https:\/\/xeca.a.vaia.cloud\/en\/wp-json\/wp\/v2\/pages"}],"about":[{"href":"https:\/\/xeca.a.vaia.cloud\/en\/wp-json\/wp\/v2\/types\/page"}],"author":[{"embeddable":true,"href":"https:\/\/xeca.a.vaia.cloud\/en\/wp-json\/wp\/v2\/users\/3"}],"replies":[{"embeddable":true,"href":"https:\/\/xeca.a.vaia.cloud\/en\/wp-json\/wp\/v2\/comments?post=280"}],"version-history":[{"count":2,"href":"https:\/\/xeca.a.vaia.cloud\/en\/wp-json\/wp\/v2\/pages\/280\/revisions"}],"predecessor-version":[{"id":3861,"href":"https:\/\/xeca.a.vaia.cloud\/en\/wp-json\/wp\/v2\/pages\/280\/revisions\/3861"}],"up":[{"embeddable":true,"href":"https:\/\/xeca.a.vaia.cloud\/en\/wp-json\/wp\/v2\/pages\/39"}],"wp:featuredmedia":[{"embeddable":true,"href":"https:\/\/xeca.a.vaia.cloud\/en\/wp-json\/wp\/v2\/media\/3245"}],"wp:attachment":[{"href":"https:\/\/xeca.a.vaia.cloud\/en\/wp-json\/wp\/v2\/media?parent=280"}],"wp:term":[{"taxonomy":"tagg","embeddable":true,"href":"https:\/\/xeca.a.vaia.cloud\/en\/wp-json\/wp\/v2\/tagg?post=280"}],"curies":[{"name":"wp","href":"https:\/\/api.w.org\/{rel}","templated":true}]}}